{"id":27,"date":"2023-12-30T16:59:52","date_gmt":"2023-12-30T19:59:52","guid":{"rendered":"https:\/\/epssystem.com.br\/?page_id=27"},"modified":"2024-03-27T22:08:57","modified_gmt":"2024-03-28T01:08:57","slug":"sobre-a-eps","status":"publish","type":"page","link":"https:\/\/epssystem.com.br\/index.php\/sobre-a-eps\/","title":{"rendered":"A EPS"},"content":{"rendered":"\t\t<div data-elementor-type=\"wp-page\" data-elementor-id=\"27\" class=\"elementor elementor-27\">\n\t\t\t\t<div class=\"elementor-element elementor-element-6f00f045 e-flex e-con-boxed e-con e-parent\" data-id=\"6f00f045\" data-element_type=\"container\" data-settings=\"{&quot;background_background&quot;:&quot;gradient&quot;}\" data-core-v316-plus=\"true\">\n\t\t\t\t\t<div class=\"e-con-inner\">\n\t\t\t\t<div class=\"elementor-element elementor-element-5b284e02 elementor-widget elementor-widget-heading\" data-id=\"5b284e02\" data-element_type=\"widget\" data-widget_type=\"heading.default\">\n\t\t\t\t<div class=\"elementor-widget-container\">\n\t\t\t<style>\/*! elementor - v3.20.0 - 26-03-2024 *\/\n.elementor-heading-title{padding:0;margin:0;line-height:1}.elementor-widget-heading .elementor-heading-title[class*=elementor-size-]>a{color:inherit;font-size:inherit;line-height:inherit}.elementor-widget-heading .elementor-heading-title.elementor-size-small{font-size:15px}.elementor-widget-heading .elementor-heading-title.elementor-size-medium{font-size:19px}.elementor-widget-heading .elementor-heading-title.elementor-size-large{font-size:29px}.elementor-widget-heading .elementor-heading-title.elementor-size-xl{font-size:39px}.elementor-widget-heading .elementor-heading-title.elementor-size-xxl{font-size:59px}<\/style><h2 class=\"elementor-heading-title elementor-size-default\">CONHE\u00c7A A EPS SYSTEM!<\/h2>\t\t<\/div>\n\t\t\t\t<\/div>\n\t\t\t\t\t<\/div>\n\t\t\t\t<\/div>\n\t\t<div class=\"elementor-element elementor-element-5e163ce e-flex e-con-boxed e-con e-parent\" data-id=\"5e163ce\" data-element_type=\"container\" data-core-v316-plus=\"true\">\n\t\t\t\t\t<div class=\"e-con-inner\">\n\t\t\t\t<div class=\"elementor-element elementor-element-e93baa4 elementor-widget elementor-widget-heading\" data-id=\"e93baa4\" data-element_type=\"widget\" data-widget_type=\"heading.default\">\n\t\t\t\t<div class=\"elementor-widget-container\">\n\t\t\t<h2 class=\"elementor-heading-title elementor-size-default\">A EPS SYSTEM<\/h2>\t\t<\/div>\n\t\t\t\t<\/div>\n\t\t\t\t\t<\/div>\n\t\t\t\t<\/div>\n\t\t<div class=\"elementor-element elementor-element-87b1346 e-flex e-con-boxed e-con e-parent\" data-id=\"87b1346\" data-element_type=\"container\" data-core-v316-plus=\"true\">\n\t\t\t\t\t<div class=\"e-con-inner\">\n\t\t\t\t<div class=\"elementor-element elementor-element-49ecffc elementor-widget elementor-widget-text-editor\" data-id=\"49ecffc\" data-element_type=\"widget\" data-widget_type=\"text-editor.default\">\n\t\t\t\t<div class=\"elementor-widget-container\">\n\t\t\t<style>\/*! elementor - v3.20.0 - 26-03-2024 *\/\n.elementor-widget-text-editor.elementor-drop-cap-view-stacked .elementor-drop-cap{background-color:#69727d;color:#fff}.elementor-widget-text-editor.elementor-drop-cap-view-framed .elementor-drop-cap{color:#69727d;border:3px solid;background-color:transparent}.elementor-widget-text-editor:not(.elementor-drop-cap-view-default) .elementor-drop-cap{margin-top:8px}.elementor-widget-text-editor:not(.elementor-drop-cap-view-default) .elementor-drop-cap-letter{width:1em;height:1em}.elementor-widget-text-editor .elementor-drop-cap{float:left;text-align:center;line-height:1;font-size:50px}.elementor-widget-text-editor .elementor-drop-cap-letter{display:inline-block}<\/style>\t\t\t\t<p class=\"cvgsua\"><span class=\"oypena\">Bem-vindo \u00e0\u00a0<strong>EPS SYSTEM<\/strong>, sua parceira de confian\u00e7a em solu\u00e7\u00f5es de engenharia para controle ambiental e processos industriais h\u00e1 mais de 15 anos. Descubra a excel\u00eancia em tecnologias desenvolvidas com maestria pela\u00a0<strong>EPS SYSTEM<\/strong>, uma empresa dedicada ao fornecimento de sistemas eficientes para o Controle da Polui\u00e7\u00e3o Atmosf\u00e9rica.<\/span><\/p><p class=\"cvgsua\"><span class=\"oypena\">Nossa jornada \u00e9 marcada por uma trajet\u00f3ria s\u00f3lida e bem-sucedida, consolidando expertise ao longo de anos de desenvolvimento pr\u00f3prio e parcerias estrat\u00e9gicas com l\u00edderes internacionais no setor, tais como\u00a0<strong>Venti Oelde, Intensiv Filter, Lohtor GmbH e HMT Hebing Maschinen Technik GmbH.<\/strong>\u00a0Essas colabora\u00e7\u00f5es resultaram em tecnologias comprovadamente eficientes que s\u00e3o a base de nossas solu\u00e7\u00f5es inovadoras.<\/span><\/p><p class=\"cvgsua\"><span class=\"oypena\">Ap\u00f3s quase 15 anos de colabora\u00e7\u00e3o bem-sucedida com a\u00a0<strong>Intensiv Filter do Brasil\/Alemanha, a EPS SYSTEM<\/strong>\u00a0assume a responsabilidade de dar continuidade aos trabalhos nas \u00e1reas de controle de polui\u00e7\u00e3o e processos. Orgulhamo-nos de oferecer uma ampla gama de produtos e servi\u00e7os especializados, atendendo \u00e0s demandas industriais de forma abrangente e eficaz.<\/span><\/p><p class=\"cvgsua\"><span class=\"oypena\">Nossa\u00a0<strong>Linha de Produtos<\/strong>\u00a0e Servi\u00e7os abrange solu\u00e7\u00f5es abrangentes, incluindo\u00a0<strong>Filtros de mangas de processo e Desempoeiramento, Filtros de cartuchos, Ciclones de alta efici\u00eancia, Trocadores de calor tipo convec\u00e7\u00e3o for\u00e7ada e convec\u00e7\u00e3o natural, Ventiladores de processo e Industriais, Roscas transportadoras, V\u00e1lvulas rotativas e duplo p\u00eandulo, Dampers de controle e on-off.<\/strong>\u00a0Al\u00e9m disso, oferecemos servi\u00e7os especializados, como Reforma de equipamentos e melhorias em equipamentos j\u00e1 instalados.<\/span><\/p><p class=\"cvgsua\"><span class=\"oypena\">Nosso compromisso vai al\u00e9m da entrega de solu\u00e7\u00f5es t\u00e9cnicas; visamos\u00a0<strong>proporcionar aos nossos clientes experi\u00eancias inovadoras, confi\u00e1veis e sustent\u00e1veis para o controle da polui\u00e7\u00e3o atmosf\u00e9rica.<\/strong>\u00a0Contribu\u00edmos ativamente para a preserva\u00e7\u00e3o do meio ambiente e para o desenvolvimento sustent\u00e1vel das ind\u00fastrias em que atuamos.<\/span><\/p><p class=\"cvgsua\"><span class=\"oypena\">Na\u00a0<strong>EPS SYSTEM<\/strong>, estamos sempre em busca de desafios e oportunidades para aplicar nossa expertise, garantindo resultados que n\u00e3o apenas atendam, mas superem as expectativas. Junte-se a n\u00f3s nessa jornada em prol de um ambiente mais limpo e saud\u00e1vel para as gera\u00e7\u00f5es futuras. Seja parte da\u00a0<strong>EPS SYSTEM<\/strong>, onde a qualidade ambiental encontra-se em cada solu\u00e7\u00e3o que oferecemos.<\/span><\/p>\t\t\t\t\t\t<\/div>\n\t\t\t\t<\/div>\n\t\t\t\t\t<\/div>\n\t\t\t\t<\/div>\n\t\t<div class=\"elementor-element elementor-element-fb73d0b e-flex e-con-boxed e-con e-parent\" data-id=\"fb73d0b\" data-element_type=\"container\" data-core-v316-plus=\"true\">\n\t\t\t\t\t<div class=\"e-con-inner\">\n\t\t\t\t<div class=\"elementor-element elementor-element-2ce6263 elementor-widget elementor-widget-text-editor\" data-id=\"2ce6263\" data-element_type=\"widget\" data-widget_type=\"text-editor.default\">\n\t\t\t\t<div class=\"elementor-widget-container\">\n\t\t\t\t\t\t\t\t\t\t\t\t\t<\/div>\n\t\t\t\t<\/div>\n\t\t\t\t\t<\/div>\n\t\t\t\t<\/div>\n\t\t<div class=\"elementor-element elementor-element-faaefa5 e-flex e-con-boxed e-con e-parent\" data-id=\"faaefa5\" data-element_type=\"container\" data-settings=\"{&quot;background_background&quot;:&quot;gradient&quot;}\" data-core-v316-plus=\"true\">\n\t\t\t\t\t<div class=\"e-con-inner\">\n\t\t\t\t\t<\/div>\n\t\t\t\t<\/div>\n\t\t<div class=\"elementor-element elementor-element-410d7245 e-flex e-con-boxed e-con e-parent\" data-id=\"410d7245\" data-element_type=\"container\" data-core-v316-plus=\"true\">\n\t\t\t\t\t<div class=\"e-con-inner\">\n\t\t\t\t<div class=\"elementor-element elementor-element-3f00544b elementor-widget elementor-widget-heading\" data-id=\"3f00544b\" data-element_type=\"widget\" data-widget_type=\"heading.default\">\n\t\t\t\t<div class=\"elementor-widget-container\">\n\t\t\t<h2 class=\"elementor-heading-title elementor-size-default\">Fale  Conosco<\/h2>\t\t<\/div>\n\t\t\t\t<\/div>\n\t\t\t\t\t<\/div>\n\t\t\t\t<\/div>\n\t\t<div class=\"elementor-element elementor-element-d08abcd e-flex e-con-boxed e-con e-parent\" data-id=\"d08abcd\" data-element_type=\"container\" data-core-v316-plus=\"true\">\n\t\t\t\t\t<div class=\"e-con-inner\">\n\t\t<div class=\"elementor-element elementor-element-66227121 e-con-full e-flex e-con e-child\" data-id=\"66227121\" data-element_type=\"container\">\n\t\t\t\t<div class=\"elementor-element elementor-element-d9956e5 elementor-widget elementor-widget-text-editor\" data-id=\"d9956e5\" data-element_type=\"widget\" data-widget_type=\"text-editor.default\">\n\t\t\t\t<div class=\"elementor-widget-container\">\n\t\t\t\t\t\t\t<p><em>Pelo canal de Atendimento ao cliente n\u00f3s da EPS SYSTEM, estamos dispon\u00edveis para atend\u00ea-lo (a) da melhor forma:<\/em><\/p><p><em>Para solicita\u00e7\u00e3o de or\u00e7amento, duvidas e sugest\u00f5es, preencha o formul\u00e1rio desejado a partir do menu ao lado.<span style=\"color: var( --e-global-color-text ); font-family: var( --e-global-typography-text-font-family ), Sans-serif; font-size: var( --e-global-typography-text-font-size ); font-weight: var( --e-global-typography-text-font-weight ); text-align: var(--text-align); letter-spacing: 0px;\">\u00a0Ser\u00e1 um prazer atend\u00ea-lo.<\/span><\/em><\/p>\t\t\t\t\t\t<\/div>\n\t\t\t\t<\/div>\n\t\t\t\t<div class=\"elementor-element elementor-element-45bf9e3f elementor-icon-list--layout-traditional elementor-list-item-link-full_width elementor-widget elementor-widget-icon-list\" data-id=\"45bf9e3f\" data-element_type=\"widget\" data-widget_type=\"icon-list.default\">\n\t\t\t\t<div class=\"elementor-widget-container\">\n\t\t\t<link rel=\"stylesheet\" href=\"https:\/\/epssystem.com.br\/wp-content\/plugins\/elementor\/assets\/css\/widget-icon-list.min.css\">\t\t<ul class=\"elementor-icon-list-items\">\n\t\t\t\t\t\t\t<li class=\"elementor-icon-list-item\">\n\t\t\t\t\t\t\t\t\t\t\t<span class=\"elementor-icon-list-icon\">\n\t\t\t\t\t\t\t<svg aria-hidden=\"true\" class=\"e-font-icon-svg e-fas-phone-alt\" viewBox=\"0 0 512 512\" xmlns=\"http:\/\/www.w3.org\/2000\/svg\"><path d=\"M497.39 361.8l-112-48a24 24 0 0 0-28 6.9l-49.6 60.6A370.66 370.66 0 0 1 130.6 204.11l60.6-49.6a23.94 23.94 0 0 0 6.9-28l-48-112A24.16 24.16 0 0 0 122.6.61l-104 24A24 24 0 0 0 0 48c0 256.5 207.9 464 464 464a24 24 0 0 0 23.4-18.6l24-104a24.29 24.29 0 0 0-14.01-27.6z\"><\/path><\/svg>\t\t\t\t\t\t<\/span>\n\t\t\t\t\t\t\t\t\t\t<span class=\"elementor-icon-list-text\">(11) 4038-3031 <\/span>\n\t\t\t\t\t\t\t\t\t<\/li>\n\t\t\t\t\t\t\t\t<li class=\"elementor-icon-list-item\">\n\t\t\t\t\t\t\t\t\t\t\t<span class=\"elementor-icon-list-icon\">\n\t\t\t\t\t\t\t<svg aria-hidden=\"true\" class=\"e-font-icon-svg e-fas-phone-alt\" viewBox=\"0 0 512 512\" xmlns=\"http:\/\/www.w3.org\/2000\/svg\"><path d=\"M497.39 361.8l-112-48a24 24 0 0 0-28 6.9l-49.6 60.6A370.66 370.66 0 0 1 130.6 204.11l60.6-49.6a23.94 23.94 0 0 0 6.9-28l-48-112A24.16 24.16 0 0 0 122.6.61l-104 24A24 24 0 0 0 0 48c0 256.5 207.9 464 464 464a24 24 0 0 0 23.4-18.6l24-104a24.29 24.29 0 0 0-14.01-27.6z\"><\/path><\/svg>\t\t\t\t\t\t<\/span>\n\t\t\t\t\t\t\t\t\t\t<span class=\"elementor-icon-list-text\">(11) 4526-1135<\/span>\n\t\t\t\t\t\t\t\t\t<\/li>\n\t\t\t\t\t\t\t\t<li class=\"elementor-icon-list-item\">\n\t\t\t\t\t\t\t\t\t\t\t<a href=\"http:\/\/contato@epssystem.com.br\">\n\n\t\t\t\t\t\t\t\t\t\t\t\t<span class=\"elementor-icon-list-icon\">\n\t\t\t\t\t\t\t<svg aria-hidden=\"true\" class=\"e-font-icon-svg e-fas-map-marker-alt\" viewBox=\"0 0 384 512\" xmlns=\"http:\/\/www.w3.org\/2000\/svg\"><path d=\"M172.268 501.67C26.97 291.031 0 269.413 0 192 0 85.961 85.961 0 192 0s192 85.961 192 192c0 77.413-26.97 99.031-172.268 309.67-9.535 13.774-29.93 13.773-39.464 0zM192 272c44.183 0 80-35.817 80-80s-35.817-80-80-80-80 35.817-80 80 35.817 80 80 80z\"><\/path><\/svg>\t\t\t\t\t\t<\/span>\n\t\t\t\t\t\t\t\t\t\t<span class=\"elementor-icon-list-text\">R. Eduardo Tomanik, 900 - 6\u00ba andar - Sala 64 - Ch\u00e1cara Urbana, Jundia\u00ed - SP, Cep: 13209-090<\/span>\n\t\t\t\t\t\t\t\t\t\t\t<\/a>\n\t\t\t\t\t\t\t\t\t<\/li>\n\t\t\t\t\t\t\t\t<li class=\"elementor-icon-list-item\">\n\t\t\t\t\t\t\t\t\t\t\t<span class=\"elementor-icon-list-icon\">\n\t\t\t\t\t\t\t<svg aria-hidden=\"true\" class=\"e-font-icon-svg e-far-envelope\" viewBox=\"0 0 512 512\" xmlns=\"http:\/\/www.w3.org\/2000\/svg\"><path d=\"M464 64H48C21.49 64 0 85.49 0 112v288c0 26.51 21.49 48 48 48h416c26.51 0 48-21.49 48-48V112c0-26.51-21.49-48-48-48zm0 48v40.805c-22.422 18.259-58.168 46.651-134.587 106.49-16.841 13.247-50.201 45.072-73.413 44.701-23.208.375-56.579-31.459-73.413-44.701C106.18 199.465 70.425 171.067 48 152.805V112h416zM48 400V214.398c22.914 18.251 55.409 43.862 104.938 82.646 21.857 17.205 60.134 55.186 103.062 54.955 42.717.231 80.509-37.199 103.053-54.947 49.528-38.783 82.032-64.401 104.947-82.653V400H48z\"><\/path><\/svg>\t\t\t\t\t\t<\/span>\n\t\t\t\t\t\t\t\t\t\t<span class=\"elementor-icon-list-text\">contato@epssystem.com.br<\/span>\n\t\t\t\t\t\t\t\t\t<\/li>\n\t\t\t\t\t\t<\/ul>\n\t\t\t\t<\/div>\n\t\t\t\t<\/div>\n\t\t\t\t<div class=\"elementor-element elementor-element-6adb80fb elementor-widget elementor-widget-image\" data-id=\"6adb80fb\" data-element_type=\"widget\" data-widget_type=\"image.default\">\n\t\t\t\t<div class=\"elementor-widget-container\">\n\t\t\t<style>\/*! elementor - v3.20.0 - 26-03-2024 *\/\n.elementor-widget-image{text-align:center}.elementor-widget-image a{display:inline-block}.elementor-widget-image a img[src$=\".svg\"]{width:48px}.elementor-widget-image img{vertical-align:middle;display:inline-block}<\/style>\t\t\t\t\t\t\t\t\t\t<img fetchpriority=\"high\" decoding=\"async\" width=\"647\" height=\"338\" src=\"https:\/\/epssystem.com.br\/wp-content\/uploads\/2024\/01\/Foto-EPS-Mapas.png\" class=\"attachment-large size-large wp-image-302\" alt=\"Foto EPS - Mapas\" srcset=\"https:\/\/epssystem.com.br\/wp-content\/uploads\/2024\/01\/Foto-EPS-Mapas.png 647w, https:\/\/epssystem.com.br\/wp-content\/uploads\/2024\/01\/Foto-EPS-Mapas-300x157.png 300w, https:\/\/epssystem.com.br\/wp-content\/uploads\/2024\/01\/Foto-EPS-Mapas-600x313.png 600w\" sizes=\"(max-width: 647px) 100vw, 647px\" \/>\t\t\t\t\t\t\t\t\t\t\t\t\t<\/div>\n\t\t\t\t<\/div>\n\t\t\t\t<\/div>\n\t\t<div class=\"elementor-element elementor-element-39370841 e-con-full e-flex e-con e-child\" data-id=\"39370841\" data-element_type=\"container\">\n\t\t\t\t<div class=\"elementor-element elementor-element-3a4ee749 elementor-widget elementor-widget-htmega-contactform-addons\" data-id=\"3a4ee749\" data-element_type=\"widget\" data-widget_type=\"htmega-contactform-addons.default\">\n\t\t\t\t<div class=\"elementor-widget-container\">\n\t\t\t            <div class=\"htmega-form-wrapper htmega-form-style-4\" >\n                \n<div class=\"wpcf7 no-js\" id=\"wpcf7-f413-o1\" lang=\"pt-BR\" dir=\"ltr\">\n<div class=\"screen-reader-response\"><p role=\"status\" aria-live=\"polite\" aria-atomic=\"true\"><\/p> <ul><\/ul><\/div>\n<form action=\"\/index.php\/wp-json\/wp\/v2\/pages\/27#wpcf7-f413-o1\" method=\"post\" class=\"wpcf7-form init\" aria-label=\"Formul\u00e1rios de contato\" novalidate=\"novalidate\" data-status=\"init\">\n<div style=\"display: none;\">\n<input type=\"hidden\" name=\"_wpcf7\" value=\"413\" \/>\n<input type=\"hidden\" name=\"_wpcf7_version\" value=\"5.9.3\" \/>\n<input type=\"hidden\" name=\"_wpcf7_locale\" value=\"pt_BR\" \/>\n<input type=\"hidden\" name=\"_wpcf7_unit_tag\" value=\"wpcf7-f413-o1\" \/>\n<input type=\"hidden\" name=\"_wpcf7_container_post\" value=\"0\" \/>\n<input type=\"hidden\" name=\"_wpcf7_posted_data_hash\" value=\"\" \/>\n<\/div>\n<p><label> Nome<br \/>\n<span class=\"wpcf7-form-control-wrap\" data-name=\"nome\"><input size=\"40\" class=\"wpcf7-form-control wpcf7-text wpcf7-validates-as-required\" autocomplete=\"name\" aria-required=\"true\" aria-invalid=\"false\" value=\"\" type=\"text\" name=\"nome\" \/><\/span> <\/label>\n<\/p>\n<p><label> E-mail<br \/>\n<span class=\"wpcf7-form-control-wrap\" data-name=\"E-mail\"><input size=\"40\" class=\"wpcf7-form-control wpcf7-email wpcf7-validates-as-required wpcf7-text wpcf7-validates-as-email\" aria-required=\"true\" aria-invalid=\"false\" value=\"\" type=\"email\" name=\"E-mail\" \/><\/span> <\/label>\n<\/p>\n<p><label> Telefone<br \/>\n<span class=\"wpcf7-form-control-wrap\" data-name=\"Telefone\"><input size=\"40\" class=\"wpcf7-form-control wpcf7-tel wpcf7-validates-as-required wpcf7-text wpcf7-validates-as-tel\" aria-required=\"true\" aria-invalid=\"false\" value=\"\" type=\"tel\" name=\"Telefone\" \/><\/span> <\/label>\n<\/p>\n<p><label> Assunto<br \/>\n<span class=\"wpcf7-form-control-wrap\" data-name=\"assunto\"><input size=\"40\" class=\"wpcf7-form-control wpcf7-text wpcf7-validates-as-required\" aria-required=\"true\" aria-invalid=\"false\" value=\"\" type=\"text\" name=\"assunto\" \/><\/span> <\/label>\n<\/p>\n<p><label> Mensagem (opcional)<br \/>\n<span class=\"wpcf7-form-control-wrap\" data-name=\"mensagem\"><textarea cols=\"40\" rows=\"10\" class=\"wpcf7-form-control wpcf7-textarea\" aria-invalid=\"false\" name=\"mensagem\"><\/textarea><\/span> <\/label>\n<\/p>\n<p><input class=\"wpcf7-form-control wpcf7-submit has-spinner\" type=\"submit\" value=\"Enviar\" \/>\n<\/p><div class=\"wpcf7-response-output\" aria-hidden=\"true\"><\/div>\n<\/form>\n<\/div>\n            <\/div>\n\n        \t\t<\/div>\n\t\t\t\t<\/div>\n\t\t\t\t<\/div>\n\t\t\t\t\t<\/div>\n\t\t\t\t<\/div>\n\t\t<div class=\"elementor-element elementor-element-3af2c41d e-flex e-con-boxed e-con e-parent\" data-id=\"3af2c41d\" data-element_type=\"container\" data-core-v316-plus=\"true\">\n\t\t\t\t\t<div class=\"e-con-inner\">\n\t\t\t\t<div class=\"elementor-element elementor-element-7186cde4 elementor-widget elementor-widget-text-editor\" data-id=\"7186cde4\" data-element_type=\"widget\" data-widget_type=\"text-editor.default\">\n\t\t\t\t<div class=\"elementor-widget-container\">\n\t\t\t\t\t\t\t<p><strong><em>Obrigado pelo contato, estamos dispon\u00edveis para atende-lo (a) da melhor forma.<\/em><\/strong><\/p>\t\t\t\t\t\t<\/div>\n\t\t\t\t<\/div>\n\t\t\t\t\t<\/div>\n\t\t\t\t<\/div>\n\t\t<div class=\"elementor-element elementor-element-39db78a2 e-flex e-con-boxed e-con e-parent\" data-id=\"39db78a2\" data-element_type=\"container\" data-settings=\"{&quot;background_background&quot;:&quot;gradient&quot;}\" data-core-v316-plus=\"true\">\n\t\t\t\t\t<div class=\"e-con-inner\">\n\t\t<div class=\"elementor-element elementor-element-640966e e-con-full e-flex e-con e-child\" data-id=\"640966e\" data-element_type=\"container\">\n\t\t\t\t<\/div>\n\t\t\t\t\t<\/div>\n\t\t\t\t<\/div>\n\t\t\t\t<\/div>\n\t\t","protected":false},"excerpt":{"rendered":"<p>CONHE\u00c7A A EPS SYSTEM! A EPS SYSTEM Bem-vindo \u00e0\u00a0EPS SYSTEM, sua parceira de confian\u00e7a em solu\u00e7\u00f5es de engenharia para controle ambiental e processos industriais h\u00e1 mais de 15 anos. Descubra a excel\u00eancia em tecnologias desenvolvidas com maestria pela\u00a0EPS SYSTEM, uma empresa dedicada ao fornecimento de sistemas eficientes para o Controle da Polui\u00e7\u00e3o Atmosf\u00e9rica. Nossa jornada [&hellip;]<\/p>\n","protected":false},"author":1,"featured_media":488,"parent":0,"menu_order":0,"comment_status":"closed","ping_status":"closed","template":"elementor_header_footer","meta":{"footnotes":""},"class_list":["post-27","page","type-page","status-publish","has-post-thumbnail","hentry"],"_links":{"self":[{"href":"https:\/\/epssystem.com.br\/index.php\/wp-json\/wp\/v2\/pages\/27","targetHints":{"allow":["GET"]}}],"collection":[{"href":"https:\/\/epssystem.com.br\/index.php\/wp-json\/wp\/v2\/pages"}],"about":[{"href":"https:\/\/epssystem.com.br\/index.php\/wp-json\/wp\/v2\/types\/page"}],"author":[{"embeddable":true,"href":"https:\/\/epssystem.com.br\/index.php\/wp-json\/wp\/v2\/users\/1"}],"replies":[{"embeddable":true,"href":"https:\/\/epssystem.com.br\/index.php\/wp-json\/wp\/v2\/comments?post=27"}],"version-history":[{"count":41,"href":"https:\/\/epssystem.com.br\/index.php\/wp-json\/wp\/v2\/pages\/27\/revisions"}],"predecessor-version":[{"id":1141,"href":"https:\/\/epssystem.com.br\/index.php\/wp-json\/wp\/v2\/pages\/27\/revisions\/1141"}],"wp:featuredmedia":[{"embeddable":true,"href":"https:\/\/epssystem.com.br\/index.php\/wp-json\/wp\/v2\/media\/488"}],"wp:attachment":[{"href":"https:\/\/epssystem.com.br\/index.php\/wp-json\/wp\/v2\/media?parent=27"}],"curies":[{"name":"wp","href":"https:\/\/api.w.org\/{rel}","templated":true}]}}